{"id":1051,"date":"2018-05-16T16:21:27","date_gmt":"2018-05-16T13:21:27","guid":{"rendered":"https:\/\/www.hanrogen.ee\/?page_id=1051"},"modified":"2018-05-16T16:21:50","modified_gmt":"2018-05-16T13:21:50","slug":"om-bolaget","status":"publish","type":"page","link":"https:\/\/www.hanrogen.ee\/sv\/kontaktuppgifter\/om-bolaget\/","title":{"rendered":"Om bolaget"},"content":{"rendered":"<div class=\"wpb-content-wrapper\">[vc_row el_class=&#8221;sub_page_header&#8221;][vc_column][vc_custom_heading text=&#8221;Om bolaget&#8221; font_container=&#8221;tag:h2|font_size:58px|text_align:center|color:%23ffffff|line_height:58px&#8221; google_fonts=&#8221;font_family:Montserrat%3Aregular%2C700|font_style:700%20bold%20regular%3A700%3Anormal&#8221;][\/vc_column][\/vc_row][vc_row css=&#8221;.vc_custom_1520337691859{padding-top: 60px !important;padding-bottom: 60px !important;}&#8221;][vc_column][vc_column_text el_class=&#8221;page_content&#8221;]Bolaget Hanrogen O\u00dc grundades 2005 och det \u00a0erbjuder olika tj\u00e4nster i byggnadsomr\u00e5det.<\/p>\n<p>Bolaget beror p\u00e5 estniskt kapital. F\u00f6r v\u00e5ra kunder erbjuder vi utf\u00f6rande av flexibla, tillf\u00f6rlitliga byggnadsarbeten av h\u00f6gkvalitet.<\/p>\n<p>V\u00e5ra huvudsakliga arbetsomr\u00e5den \u00e4r efterbehandlingsarbeten, byggande av enfamiljshus, flerfamiljehusens renovering och fasadarbeten.[\/vc_column_text][\/vc_column][\/vc_row]\n<\/div>","protected":false},"excerpt":{"rendered":"<p>[vc_row el_class=&#8221;sub_page_header&#8221;][vc_column][vc_custom_heading text=&#8221;Om bolaget&#8221; font_container=&#8221;tag:h2|font_size:58px|text_align:center|color:%23ffffff|line_height:58px&#8221; google_fonts=&#8221;font_family:Montserrat%3Aregular%2C700|font_style:700%20bold%20regular%3A700%3Anormal&#8221;][\/vc_column][\/vc_row][vc_row css=&#8221;.vc_custom_1520337691859{padding-top: 60px !important;padding-bottom: 60px !important;}&#8221;][vc_column][vc_column_text el_class=&#8221;page_content&#8221;]Bolaget Hanrogen O\u00dc grundades 2005 och det \u00a0erbjuder olika tj\u00e4nster i byggnadsomr\u00e5det. Bolaget beror p\u00e5 estniskt kapital. F\u00f6r v\u00e5ra kunder erbjuder vi utf\u00f6rande av flexibla, tillf\u00f6rlitliga byggnadsarbeten av h\u00f6gkvalitet. V\u00e5ra huvudsakliga arbetsomr\u00e5den \u00e4r efterbehandlingsarbeten, byggande av enfamiljshus, flerfamiljehusens renovering och fasadarbeten.[\/vc_column_text][\/vc_column][\/vc_row]<\/p>\n","protected":false},"author":1,"featured_media":0,"parent":1072,"menu_order":0,"comment_status":"closed","ping_status":"closed","template":"page-full.php","meta":{"_acf_changed":false,"footnotes":""},"class_list":["post-1051","page","type-page","status-publish","hentry"],"acf":[],"_links":{"self":[{"href":"https:\/\/www.hanrogen.ee\/sv\/wp-json\/wp\/v2\/pages\/1051"}],"collection":[{"href":"https:\/\/www.hanrogen.ee\/sv\/wp-json\/wp\/v2\/pages"}],"about":[{"href":"https:\/\/www.hanrogen.ee\/sv\/wp-json\/wp\/v2\/types\/page"}],"author":[{"embeddable":true,"href":"https:\/\/www.hanrogen.ee\/sv\/wp-json\/wp\/v2\/users\/1"}],"replies":[{"embeddable":true,"href":"https:\/\/www.hanrogen.ee\/sv\/wp-json\/wp\/v2\/comments?post=1051"}],"version-history":[{"count":3,"href":"https:\/\/www.hanrogen.ee\/sv\/wp-json\/wp\/v2\/pages\/1051\/revisions"}],"predecessor-version":[{"id":1055,"href":"https:\/\/www.hanrogen.ee\/sv\/wp-json\/wp\/v2\/pages\/1051\/revisions\/1055"}],"up":[{"embeddable":true,"href":"https:\/\/www.hanrogen.ee\/sv\/wp-json\/wp\/v2\/pages\/1072"}],"wp:attachment":[{"href":"https:\/\/www.hanrogen.ee\/sv\/wp-json\/wp\/v2\/media?parent=1051"}],"curies":[{"name":"wp","href":"https:\/\/api.w.org\/{rel}","templated":true}]}}