{"id":1038,"date":"2018-05-16T15:59:27","date_gmt":"2018-05-16T12:59:27","guid":{"rendered":"https:\/\/www.hanrogen.ee\/?page_id=1038"},"modified":"2018-05-16T16:01:24","modified_gmt":"2018-05-16T13:01:24","slug":"utomhusarbeten","status":"publish","type":"page","link":"https:\/\/www.hanrogen.ee\/sv\/utomhusarbeten\/","title":{"rendered":"Utomhusarbeten"},"content":{"rendered":"<div class=\"wpb-content-wrapper\">[vc_row el_class=&#8221;sub_page_header&#8221; css=&#8221;.vc_custom_1525719153965{background-image: url(https:\/\/www.hanrogen.ee\/wp-content\/uploads\/2018\/05\/valitood-bg.jpg?id=186) !important;}&#8221;][vc_column][vc_custom_heading text=&#8221;Vi utf\u00f6r olika utomhusarbeten &#8221; font_container=&#8221;tag:h2|font_size:58px|text_align:center|color:%23ffffff|line_height:58px&#8221; google_fonts=&#8221;font_family:Montserrat%3Aregular%2C700|font_style:700%20bold%20regular%3A700%3Anormal&#8221;][vc_column_text el_class=&#8221;sub_page_sub_text&#8221;]\n<p style=\"text-align: center;\">Kontakta oss f\u00f6r att f\u00e5 ett noggrant priserbjudande!<\/p>\n[\/vc_column_text][\/vc_column][\/vc_row][vc_row css=&#8221;.vc_custom_1520337691859{padding-top: 60px !important;padding-bottom: 60px !important;}&#8221;][vc_column width=&#8221;1\/2&#8243; el_class=&#8221;sub_picture&#8221;][vc_gallery type=&#8221;flexslider_slide&#8221; interval=&#8221;3&#8243; images=&#8221;187,189,188&#8243; img_size=&#8221;full&#8221; onclick=&#8221;&#8221; css_animation=&#8221;bounceInLeft&#8221;][\/vc_column][vc_column width=&#8221;1\/2&#8243;][vc_custom_heading text=&#8221;Utomhusarbeten vi erbjuder&#8221; font_container=&#8221;tag:h3|font_size:23px|text_align:left|color:%23030303|line_height:23px&#8221; google_fonts=&#8221;font_family:Montserrat%3Aregular%2C700|font_style:700%20bold%20regular%3A700%3Anormal&#8221;][vc_column_text el_class=&#8221;page_content&#8221;]Vi erbjuder flera olika utomhusarbeten. Om du inte hittade i f\u00f6rteckningen arbetet du beh\u00f6ver, var s\u00e5 sn\u00e4ll och kontakta oss, d\u00e4rf\u00f6r att arbetens lista inte inneh\u00e5ller alla arbeten vi erbjuder. Vid denna lista handlar det endast om efterbehandlingsarbeten man mest efterfr\u00e5gar.[\/vc_column_text][vc_column_text el_class=&#8221;page_content&#8221;]\n<ul>\n<li>Fundamentens byggande<\/li>\n<li>Byggande av enfamiljshus<\/li>\n<li>Fasadarbeten<\/li>\n<li>Dr\u00e4nering<\/li>\n<li>Schaktningsarbeten<\/li>\n<li>Asfaltl\u00e4ggning<\/li>\n<li>L\u00e4ggning av gatsten<\/li>\n<li>Takbyggande<\/li>\n<li>Om du inte hittade i f\u00f6rteckningen arbetet du beh\u00f6ver, var s\u00e5 sn\u00e4ll och kontakta oss!<\/li>\n<\/ul>\n[\/vc_column_text][\/vc_column][\/vc_row]\n<\/div>","protected":false},"excerpt":{"rendered":"<p>[vc_row el_class=&#8221;sub_page_header&#8221; css=&#8221;.vc_custom_1525719153965{background-image: url(https:\/\/www.hanrogen.ee\/wp-content\/uploads\/2018\/05\/valitood-bg.jpg?id=186) !important;}&#8221;][vc_column][vc_custom_heading text=&#8221;Vi utf\u00f6r olika utomhusarbeten &#8221; font_container=&#8221;tag:h2|font_size:58px|text_align:center|color:%23ffffff|line_height:58px&#8221; google_fonts=&#8221;font_family:Montserrat%3Aregular%2C700|font_style:700%20bold%20regular%3A700%3Anormal&#8221;][vc_column_text el_class=&#8221;sub_page_sub_text&#8221;] Kontakta oss f\u00f6r att f\u00e5 ett noggrant priserbjudande! [\/vc_column_text][\/vc_column][\/vc_row][vc_row css=&#8221;.vc_custom_1520337691859{padding-top: 60px !important;padding-bottom: 60px !important;}&#8221;][vc_column width=&#8221;1\/2&#8243; el_class=&#8221;sub_picture&#8221;][vc_gallery type=&#8221;flexslider_slide&#8221; interval=&#8221;3&#8243; images=&#8221;187,189,188&#8243; img_size=&#8221;full&#8221; onclick=&#8221;&#8221; css_animation=&#8221;bounceInLeft&#8221;][\/vc_column][vc_column width=&#8221;1\/2&#8243;][vc_custom_heading text=&#8221;Utomhusarbeten vi erbjuder&#8221; font_container=&#8221;tag:h3|font_size:23px|text_align:left|color:%23030303|line_height:23px&#8221; google_fonts=&#8221;font_family:Montserrat%3Aregular%2C700|font_style:700%20bold%20regular%3A700%3Anormal&#8221;][vc_column_text el_class=&#8221;page_content&#8221;]Vi erbjuder flera olika utomhusarbeten. Om du inte hittade i f\u00f6rteckningen arbetet du beh\u00f6ver,&#8230;<\/p>\n","protected":false},"author":1,"featured_media":0,"parent":0,"menu_order":0,"comment_status":"closed","ping_status":"closed","template":"page-full.php","meta":{"_acf_changed":false,"footnotes":""},"class_list":["post-1038","page","type-page","status-publish","hentry"],"acf":[],"_links":{"self":[{"href":"https:\/\/www.hanrogen.ee\/sv\/wp-json\/wp\/v2\/pages\/1038"}],"collection":[{"href":"https:\/\/www.hanrogen.ee\/sv\/wp-json\/wp\/v2\/pages"}],"about":[{"href":"https:\/\/www.hanrogen.ee\/sv\/wp-json\/wp\/v2\/types\/page"}],"author":[{"embeddable":true,"href":"https:\/\/www.hanrogen.ee\/sv\/wp-json\/wp\/v2\/users\/1"}],"replies":[{"embeddable":true,"href":"https:\/\/www.hanrogen.ee\/sv\/wp-json\/wp\/v2\/comments?post=1038"}],"version-history":[{"count":4,"href":"https:\/\/www.hanrogen.ee\/sv\/wp-json\/wp\/v2\/pages\/1038\/revisions"}],"predecessor-version":[{"id":1043,"href":"https:\/\/www.hanrogen.ee\/sv\/wp-json\/wp\/v2\/pages\/1038\/revisions\/1043"}],"wp:attachment":[{"href":"https:\/\/www.hanrogen.ee\/sv\/wp-json\/wp\/v2\/media?parent=1038"}],"curies":[{"name":"wp","href":"https:\/\/api.w.org\/{rel}","templated":true}]}}