{"id":923,"date":"2018-05-16T12:30:26","date_gmt":"2018-05-16T09:30:26","guid":{"rendered":"https:\/\/www.hanrogen.ee\/?page_id=923"},"modified":"2018-05-16T12:50:28","modified_gmt":"2018-05-16T09:50:28","slug":"yrityksestamme","status":"publish","type":"page","link":"https:\/\/www.hanrogen.ee\/fi\/yhteystiedot\/yrityksestamme\/","title":{"rendered":"Yrityksest\u00e4mme"},"content":{"rendered":"<div class=\"wpb-content-wrapper\">[vc_row el_class=&#8221;sub_page_header&#8221;][vc_column][vc_custom_heading text=&#8221;Yrityksest\u00e4mme&#8221; font_container=&#8221;tag:h2|font_size:58px|text_align:center|color:%23ffffff|line_height:58px&#8221; google_fonts=&#8221;font_family:Montserrat%3Aregular%2C700|font_style:700%20bold%20regular%3A700%3Anormal&#8221;][\/vc_column][\/vc_row][vc_row css=&#8221;.vc_custom_1520337691859{padding-top: 60px !important;padding-bottom: 60px !important;}&#8221;][vc_column][vc_column_text el_class=&#8221;page_content&#8221;]Rajavastuuyhti\u00f6 Hanrogen O\u00dc on tarjonnut rakennuspalveluita vuodesta 2005.<\/p>\n<p>Yhti\u00f6mme perustuu virolaiseen p\u00e4\u00e4oman. Tarjoamme asiakkaillemme joustavia, luotettavia ja laadukkaita rakennuspalveluita.<\/p>\n<p>P\u00e4\u00e4toimialojamme ovat sis\u00e4viimeistelyty\u00f6t, omakotitalojen rakentaminen, kerrostalojen uudistaminen ja julkisivuty\u00f6t.[\/vc_column_text][\/vc_column][\/vc_row]\n<\/div>","protected":false},"excerpt":{"rendered":"<p>[vc_row el_class=&#8221;sub_page_header&#8221;][vc_column][vc_custom_heading text=&#8221;Yrityksest\u00e4mme&#8221; font_container=&#8221;tag:h2|font_size:58px|text_align:center|color:%23ffffff|line_height:58px&#8221; google_fonts=&#8221;font_family:Montserrat%3Aregular%2C700|font_style:700%20bold%20regular%3A700%3Anormal&#8221;][\/vc_column][\/vc_row][vc_row css=&#8221;.vc_custom_1520337691859{padding-top: 60px !important;padding-bottom: 60px !important;}&#8221;][vc_column][vc_column_text el_class=&#8221;page_content&#8221;]Rajavastuuyhti\u00f6 Hanrogen O\u00dc on tarjonnut rakennuspalveluita vuodesta 2005. Yhti\u00f6mme perustuu virolaiseen p\u00e4\u00e4oman. Tarjoamme asiakkaillemme joustavia, luotettavia ja laadukkaita rakennuspalveluita. P\u00e4\u00e4toimialojamme ovat sis\u00e4viimeistelyty\u00f6t, omakotitalojen rakentaminen, kerrostalojen uudistaminen ja julkisivuty\u00f6t.[\/vc_column_text][\/vc_column][\/vc_row]<\/p>\n","protected":false},"author":1,"featured_media":0,"parent":948,"menu_order":0,"comment_status":"closed","ping_status":"closed","template":"page-full.php","meta":{"_acf_changed":false,"footnotes":""},"class_list":["post-923","page","type-page","status-publish","hentry"],"acf":[],"_links":{"self":[{"href":"https:\/\/www.hanrogen.ee\/fi\/wp-json\/wp\/v2\/pages\/923"}],"collection":[{"href":"https:\/\/www.hanrogen.ee\/fi\/wp-json\/wp\/v2\/pages"}],"about":[{"href":"https:\/\/www.hanrogen.ee\/fi\/wp-json\/wp\/v2\/types\/page"}],"author":[{"embeddable":true,"href":"https:\/\/www.hanrogen.ee\/fi\/wp-json\/wp\/v2\/users\/1"}],"replies":[{"embeddable":true,"href":"https:\/\/www.hanrogen.ee\/fi\/wp-json\/wp\/v2\/comments?post=923"}],"version-history":[{"count":4,"href":"https:\/\/www.hanrogen.ee\/fi\/wp-json\/wp\/v2\/pages\/923\/revisions"}],"predecessor-version":[{"id":963,"href":"https:\/\/www.hanrogen.ee\/fi\/wp-json\/wp\/v2\/pages\/923\/revisions\/963"}],"up":[{"embeddable":true,"href":"https:\/\/www.hanrogen.ee\/fi\/wp-json\/wp\/v2\/pages\/948"}],"wp:attachment":[{"href":"https:\/\/www.hanrogen.ee\/fi\/wp-json\/wp\/v2\/media?parent=923"}],"curies":[{"name":"wp","href":"https:\/\/api.w.org\/{rel}","templated":true}]}}