{"id":909,"date":"2018-05-16T12:02:16","date_gmt":"2018-05-16T09:02:16","guid":{"rendered":"https:\/\/www.hanrogen.ee\/?page_id=909"},"modified":"2018-05-16T12:39:45","modified_gmt":"2018-05-16T09:39:45","slug":"ulkotyot","status":"publish","type":"page","link":"https:\/\/www.hanrogen.ee\/fi\/ulkotyot\/","title":{"rendered":"Ulkoty\u00f6t"},"content":{"rendered":"<div class=\"wpb-content-wrapper\">[vc_row el_class=&#8221;sub_page_header&#8221; css=&#8221;.vc_custom_1525719153965{background-image: url(https:\/\/www.hanrogen.ee\/wp-content\/uploads\/2018\/05\/valitood-bg.jpg?id=186) !important;}&#8221;][vc_column][vc_custom_heading text=&#8221;Teemme erilaisia ulkot\u00f6it\u00e4&#8221; font_container=&#8221;tag:h2|font_size:58px|text_align:center|color:%23ffffff|line_height:58px&#8221; google_fonts=&#8221;font_family:Montserrat%3Aregular%2C700|font_style:700%20bold%20regular%3A700%3Anormal&#8221;][vc_column_text el_class=&#8221;sub_page_sub_text&#8221;]\n<p style=\"text-align: center;\">Ota rohkeasti meihin yhteytt\u00e4 ja l\u00e4het\u00e4 tarkka hintatarjous!<\/p>\n[\/vc_column_text][\/vc_column][\/vc_row][vc_row css=&#8221;.vc_custom_1520337691859{padding-top: 60px !important;padding-bottom: 60px !important;}&#8221;][vc_column width=&#8221;1\/2&#8243; el_class=&#8221;sub_picture&#8221;][vc_gallery type=&#8221;flexslider_slide&#8221; interval=&#8221;3&#8243; images=&#8221;187,189,188&#8243; img_size=&#8221;full&#8221; onclick=&#8221;&#8221; css_animation=&#8221;bounceInLeft&#8221;][\/vc_column][vc_column width=&#8221;1\/2&#8243;][vc_custom_heading text=&#8221;Ulkoty\u00f6t&#8221; font_container=&#8221;tag:h3|font_size:23px|text_align:left|color:%23030303|line_height:23px&#8221; google_fonts=&#8221;font_family:Montserrat%3Aregular%2C700|font_style:700%20bold%20regular%3A700%3Anormal&#8221;][vc_column_text el_class=&#8221;page_content&#8221;]Teemme erilaisia ulkot\u00f6it\u00e4 Teemme erilaisia sis\u00e4t\u00f6it\u00e4. Jos et l\u00f6yt\u00e4nyt listasta tarvitsemasi ty\u00f6t\u00e4, ota rohkeasti meihin yhteytt\u00e4, koska listassa eiv\u00e4t ole kaikki tekem\u00e4mme ty\u00f6t. T\u00e4m\u00e4 on vain lista yleisimmist\u00e4 ulkot\u00f6ist\u00e4.[\/vc_column_text][vc_column_text el_class=&#8221;page_content&#8221;]\n<ul>\n<li>Perustusten rakentaminen<\/li>\n<li>Omakotitalojen rakentaminen<\/li>\n<li>Julkisivuty\u00f6t<\/li>\n<li>Ojitusty\u00f6t<\/li>\n<li>Kaivuuty\u00f6t<\/li>\n<li>Asfaltointi<\/li>\n<li>Katukiveyksen asennus<\/li>\n<li>Vesikaton rakentaminen<\/li>\n<li>Jos et l\u00f6yt\u00e4nyt t\u00e4st\u00e4 listasta sopivaa palvelua, ota meihin yhteytt\u00e4!<\/li>\n<\/ul>\n[\/vc_column_text][\/vc_column][\/vc_row]\n<\/div>","protected":false},"excerpt":{"rendered":"<p>[vc_row el_class=&#8221;sub_page_header&#8221; css=&#8221;.vc_custom_1525719153965{background-image: url(https:\/\/www.hanrogen.ee\/wp-content\/uploads\/2018\/05\/valitood-bg.jpg?id=186) !important;}&#8221;][vc_column][vc_custom_heading text=&#8221;Teemme erilaisia ulkot\u00f6it\u00e4&#8221; font_container=&#8221;tag:h2|font_size:58px|text_align:center|color:%23ffffff|line_height:58px&#8221; google_fonts=&#8221;font_family:Montserrat%3Aregular%2C700|font_style:700%20bold%20regular%3A700%3Anormal&#8221;][vc_column_text el_class=&#8221;sub_page_sub_text&#8221;] Ota rohkeasti meihin yhteytt\u00e4 ja l\u00e4het\u00e4 tarkka hintatarjous! [\/vc_column_text][\/vc_column][\/vc_row][vc_row css=&#8221;.vc_custom_1520337691859{padding-top: 60px !important;padding-bottom: 60px !important;}&#8221;][vc_column width=&#8221;1\/2&#8243; el_class=&#8221;sub_picture&#8221;][vc_gallery type=&#8221;flexslider_slide&#8221; interval=&#8221;3&#8243; images=&#8221;187,189,188&#8243; img_size=&#8221;full&#8221; onclick=&#8221;&#8221; css_animation=&#8221;bounceInLeft&#8221;][\/vc_column][vc_column width=&#8221;1\/2&#8243;][vc_custom_heading text=&#8221;Ulkoty\u00f6t&#8221; font_container=&#8221;tag:h3|font_size:23px|text_align:left|color:%23030303|line_height:23px&#8221; google_fonts=&#8221;font_family:Montserrat%3Aregular%2C700|font_style:700%20bold%20regular%3A700%3Anormal&#8221;][vc_column_text el_class=&#8221;page_content&#8221;]Teemme erilaisia ulkot\u00f6it\u00e4 Teemme erilaisia sis\u00e4t\u00f6it\u00e4. Jos et l\u00f6yt\u00e4nyt listasta tarvitsemasi ty\u00f6t\u00e4, ota rohkeasti meihin yhteytt\u00e4, koska listassa&#8230;<\/p>\n","protected":false},"author":1,"featured_media":0,"parent":0,"menu_order":0,"comment_status":"closed","ping_status":"closed","template":"page-full.php","meta":{"_acf_changed":false,"footnotes":""},"class_list":["post-909","page","type-page","status-publish","hentry"],"acf":[],"_links":{"self":[{"href":"https:\/\/www.hanrogen.ee\/fi\/wp-json\/wp\/v2\/pages\/909"}],"collection":[{"href":"https:\/\/www.hanrogen.ee\/fi\/wp-json\/wp\/v2\/pages"}],"about":[{"href":"https:\/\/www.hanrogen.ee\/fi\/wp-json\/wp\/v2\/types\/page"}],"author":[{"embeddable":true,"href":"https:\/\/www.hanrogen.ee\/fi\/wp-json\/wp\/v2\/users\/1"}],"replies":[{"embeddable":true,"href":"https:\/\/www.hanrogen.ee\/fi\/wp-json\/wp\/v2\/comments?post=909"}],"version-history":[{"count":5,"href":"https:\/\/www.hanrogen.ee\/fi\/wp-json\/wp\/v2\/pages\/909\/revisions"}],"predecessor-version":[{"id":943,"href":"https:\/\/www.hanrogen.ee\/fi\/wp-json\/wp\/v2\/pages\/909\/revisions\/943"}],"wp:attachment":[{"href":"https:\/\/www.hanrogen.ee\/fi\/wp-json\/wp\/v2\/media?parent=909"}],"curies":[{"name":"wp","href":"https:\/\/api.w.org\/{rel}","templated":true}]}}